{"id":7,"date":"2010-12-30T12:11:41","date_gmt":"2010-12-30T12:11:41","guid":{"rendered":"http:\/\/www.bobpac.com\/?page_id=7"},"modified":"2023-10-06T09:52:50","modified_gmt":"2023-10-06T09:52:50","slug":"7-2","status":"publish","type":"page","link":"https:\/\/www.bobpac.com\/?lang=de","title":{"rendered":"Big Bags nach Europ\u00e4ischen Standards"},"content":{"rendered":"<div>\n<p><strong>bobpac bietet die gesamte Bandbreite von Big Bags, Folien und Spezialverpackungen f\u00fcr Sch\u00fcttg\u00fcter an.<\/strong><\/p>\n<p>Vom einfachen Big Bag f\u00fcr die Forstwirtschaft und Bauindustrie bis zum qualitativ hochwertigen Beh\u00e4lter f\u00fcr die Pharma, Chemie- und Lebensmittelindustrie &#8211; ganz nach den individuellen Bed\u00fcrfnissenen Ihrer Produkte.<\/p>\n<\/div>\n<p>Unsere Vertragshersteller produzieren in der T\u00fcrkei nach Europ\u00e4ischen Standards ISO 9001\/9002 und HACCP.<\/p>\n<p>Mit einer monatlichen Kapazit\u00e4t von einer Million Big Bags und kurzen Wegen ist ein reibungsloser Ablauf garantiert.<\/p>\n\n\n<p><\/p>\n","protected":false},"excerpt":{"rendered":"<p>bobpac bietet die gesamte Bandbreite von Big Bags, Folien und Spezialverpackungen f\u00fcr Sch\u00fcttg\u00fcter an. Vom einfachen Big Bag f\u00fcr die Forstwirtschaft und Bauindustrie bis zum qualitativ hochwertigen Beh\u00e4lter f\u00fcr die Pharma, Chemie- und Lebensmittelindustrie &#8211; ganz nach den individuellen Bed\u00fcrfnissenen Ihrer Produkte. Unsere Vertragshersteller produzieren in der T\u00fcrkei nach Europ\u00e4ischen Standards ISO 9001\/9002 und HACCP. &hellip; <\/p>\n<p class=\"link-more\"><a href=\"https:\/\/www.bobpac.com\/?lang=de\" class=\"more-link\">Continue reading<span class=\"screen-reader-text\"> &#8220;Big Bags nach Europ\u00e4ischen Standards&#8221;<\/span><\/a><\/p>\n","protected":false},"author":1,"featured_media":0,"parent":0,"menu_order":0,"comment_status":"closed","ping_status":"closed","template":"","meta":{"footnotes":""},"_links":{"self":[{"href":"https:\/\/www.bobpac.com\/index.php?rest_route=\/wp\/v2\/pages\/7"}],"collection":[{"href":"https:\/\/www.bobpac.com\/index.php?rest_route=\/wp\/v2\/pages"}],"about":[{"href":"https:\/\/www.bobpac.com\/index.php?rest_route=\/wp\/v2\/types\/page"}],"author":[{"embeddable":true,"href":"https:\/\/www.bobpac.com\/index.php?rest_route=\/wp\/v2\/users\/1"}],"replies":[{"embeddable":true,"href":"https:\/\/www.bobpac.com\/index.php?rest_route=%2Fwp%2Fv2%2Fcomments&post=7"}],"version-history":[{"count":21,"href":"https:\/\/www.bobpac.com\/index.php?rest_route=\/wp\/v2\/pages\/7\/revisions"}],"predecessor-version":[{"id":199,"href":"https:\/\/www.bobpac.com\/index.php?rest_route=\/wp\/v2\/pages\/7\/revisions\/199"}],"wp:attachment":[{"href":"https:\/\/www.bobpac.com\/index.php?rest_route=%2Fwp%2Fv2%2Fmedia&parent=7"}],"curies":[{"name":"wp","href":"https:\/\/api.w.org\/{rel}","templated":true}]}}