{"id":2,"date":"2010-12-30T10:53:31","date_gmt":"2010-12-30T10:53:31","guid":{"rendered":"http:\/\/www.bobpac.com\/?page_id=2"},"modified":"2023-09-30T17:57:10","modified_gmt":"2023-09-30T17:57:10","slug":"about","status":"publish","type":"page","link":"https:\/\/www.bobpac.com\/?page_id=2&lang=de","title":{"rendered":"Zuverl\u00e4ssig und schnell  \u2013 Big Bags von bobpac"},"content":{"rendered":"<p><strong>Die bobpac OHG ist ein inhabergef\u00fchrtes Service-und Beratungsunternehmen mit Sitz in Berlin. Seit 2008 betreuen wir mit Mitarbeitern in Berlin und Istanbul\u00a0unsere Kunden aus Deutschland, \u00d6sterreich und der Schweiz.<\/strong><\/p>\n<p>Wir lassen unsere Produkte von langj\u00e4hrigen Produzenten nach strengen Vorgaben\u00a0in der T\u00fcrkei herstellen. Qualit\u00e4tskontrolle und Logistik werden von uns organisiert und \u00fcberwacht.<\/p>\n<p>Pers\u00f6nliche Beratung, Betreuung und kurze Wege sind bei uns eine Selbstverst\u00e4ndlichkeit.<\/p>\n","protected":false},"excerpt":{"rendered":"<p>Die bobpac OHG ist ein inhabergef\u00fchrtes Service-und Beratungsunternehmen mit Sitz in Berlin. Seit 2008 betreuen wir mit Mitarbeitern in Berlin und Istanbul\u00a0unsere Kunden aus Deutschland, \u00d6sterreich und der Schweiz. Wir lassen unsere Produkte von langj\u00e4hrigen Produzenten nach strengen Vorgaben\u00a0in der T\u00fcrkei herstellen. Qualit\u00e4tskontrolle und Logistik werden von uns organisiert und \u00fcberwacht. Pers\u00f6nliche Beratung, Betreuung und &hellip; <\/p>\n<p class=\"link-more\"><a href=\"https:\/\/www.bobpac.com\/?page_id=2&#038;lang=de\" class=\"more-link\">Continue reading<span class=\"screen-reader-text\"> &#8220;Zuverl\u00e4ssig und schnell  \u2013 Big Bags von bobpac&#8221;<\/span><\/a><\/p>\n","protected":false},"author":1,"featured_media":132,"parent":0,"menu_order":0,"comment_status":"closed","ping_status":"open","template":"","meta":{"footnotes":""},"_links":{"self":[{"href":"https:\/\/www.bobpac.com\/index.php?rest_route=\/wp\/v2\/pages\/2"}],"collection":[{"href":"https:\/\/www.bobpac.com\/index.php?rest_route=\/wp\/v2\/pages"}],"about":[{"href":"https:\/\/www.bobpac.com\/index.php?rest_route=\/wp\/v2\/types\/page"}],"author":[{"embeddable":true,"href":"https:\/\/www.bobpac.com\/index.php?rest_route=\/wp\/v2\/users\/1"}],"replies":[{"embeddable":true,"href":"https:\/\/www.bobpac.com\/index.php?rest_route=%2Fwp%2Fv2%2Fcomments&post=2"}],"version-history":[{"count":19,"href":"https:\/\/www.bobpac.com\/index.php?rest_route=\/wp\/v2\/pages\/2\/revisions"}],"predecessor-version":[{"id":198,"href":"https:\/\/www.bobpac.com\/index.php?rest_route=\/wp\/v2\/pages\/2\/revisions\/198"}],"wp:featuredmedia":[{"embeddable":true,"href":"https:\/\/www.bobpac.com\/index.php?rest_route=\/wp\/v2\/media\/132"}],"wp:attachment":[{"href":"https:\/\/www.bobpac.com\/index.php?rest_route=%2Fwp%2Fv2%2Fmedia&parent=2"}],"curies":[{"name":"wp","href":"https:\/\/api.w.org\/{rel}","templated":true}]}}